{"id":680,"date":"2019-03-21T22:11:29","date_gmt":"2019-03-21T22:11:29","guid":{"rendered":"http:\/\/pandavventura.com\/?page_id=680"},"modified":"2019-03-21T22:49:15","modified_gmt":"2019-03-21T22:49:15","slug":"proba","status":"publish","type":"page","link":"http:\/\/pandavventura.com\/it\/proba\/","title":{"rendered":"(Srpski) PROBA"},"content":{"rendered":"<div id=\"pl-680\"  class=\"panel-layout\" ><div id=\"pg-680-0\"  class=\"panel-grid panel-has-style\" ><div class=\"panel-row-style panel-row-style-for-680-0\" ><div id=\"pgc-680-0-0\"  class=\"panel-grid-cell\" ><div id=\"panel-680-0-0-0\" class=\"so-panel widget widget_sow-slider panel-first-child panel-last-child\" data-index=\"0\" ><div class=\"panel-widget-style panel-widget-style-for-680-0-0-0\" ><div\n\t\t\t\n\t\t\tclass=\"so-widget-sow-slider so-widget-sow-slider-default-6d39609536fd-680\"\n\t\t\t\n\t\t>\t\t\t\t<div class=\"sow-slider-base\" style=\"display: none\" tabindex=\"0\">\n\t\t\t\t\t<ul\n\t\t\t\t\tclass=\"sow-slider-images\"\n\t\t\t\t\tdata-settings=\"{&quot;pagination&quot;:true,&quot;speed&quot;:800,&quot;timeout&quot;:8000,&quot;paused&quot;:false,&quot;pause_on_hover&quot;:false,&quot;swipe&quot;:true,&quot;nav_always_show_desktop&quot;:&quot;&quot;,&quot;nav_always_show_mobile&quot;:&quot;&quot;,&quot;breakpoint&quot;:&quot;780px&quot;,&quot;unmute&quot;:false,&quot;anchor&quot;:null}\"\n\t\t\t\t\t\t\t\t\t\tdata-anchor-id=\"\"\n\t\t\t\t>\t\t<li class=\"sow-slider-image\" style=\"visibility: visible;\" >\n\t\t\t\t\t\t<img width=\"1920\" height=\"897\" src=\"http:\/\/pandavventura.com\/wp-content\/uploads\/2018\/10\/slider02.jpg\" class=\"sow-slider-background-image\" alt=\"\" decoding=\"async\" loading=\"lazy\" style=\"\" srcset=\"http:\/\/pandavventura.com\/wp-content\/uploads\/2018\/10\/slider02.jpg 1920w, http:\/\/pandavventura.com\/wp-content\/uploads\/2018\/10\/slider02-300x140.jpg 300w, http:\/\/pandavventura.com\/wp-content\/uploads\/2018\/10\/slider02-768x359.jpg 768w, http:\/\/pandavventura.com\/wp-content\/uploads\/2018\/10\/slider02-1024x478.jpg 1024w\" sizes=\"(max-width: 1920px) 100vw, 1920px\" \/>\t\t<\/li>\n\t\t\t\t<li class=\"sow-slider-image\" style=\"visibility: hidden;\" >\n\t\t\t\t\t\t<img width=\"1920\" height=\"897\" src=\"http:\/\/pandavventura.com\/wp-content\/uploads\/2018\/10\/slider04.jpg\" class=\"sow-slider-background-image\" alt=\"\" decoding=\"async\" loading=\"lazy\" style=\"\" srcset=\"http:\/\/pandavventura.com\/wp-content\/uploads\/2018\/10\/slider04.jpg 1920w, http:\/\/pandavventura.com\/wp-content\/uploads\/2018\/10\/slider04-300x140.jpg 300w, http:\/\/pandavventura.com\/wp-content\/uploads\/2018\/10\/slider04-768x359.jpg 768w, http:\/\/pandavventura.com\/wp-content\/uploads\/2018\/10\/slider04-1024x478.jpg 1024w\" sizes=\"(max-width: 1920px) 100vw, 1920px\" \/>\t\t<\/li>\n\t\t\t\t<li class=\"sow-slider-image\" style=\"visibility: hidden;\" >\n\t\t\t\t\t\t<img width=\"1920\" height=\"892\" src=\"http:\/\/pandavventura.com\/wp-content\/uploads\/2018\/10\/slider01.jpg\" class=\"sow-slider-background-image\" alt=\"\" decoding=\"async\" loading=\"lazy\" style=\"\" srcset=\"http:\/\/pandavventura.com\/wp-content\/uploads\/2018\/10\/slider01.jpg 1920w, http:\/\/pandavventura.com\/wp-content\/uploads\/2018\/10\/slider01-300x139.jpg 300w, http:\/\/pandavventura.com\/wp-content\/uploads\/2018\/10\/slider01-768x357.jpg 768w, http:\/\/pandavventura.com\/wp-content\/uploads\/2018\/10\/slider01-1024x476.jpg 1024w\" sizes=\"(max-width: 1920px) 100vw, 1920px\" \/>\t\t<\/li>\n\t\t\t\t<li class=\"sow-slider-image\" style=\"visibility: hidden;\" >\n\t\t\t\t\t\t<img width=\"1920\" height=\"897\" src=\"http:\/\/pandavventura.com\/wp-content\/uploads\/2018\/10\/slider05.jpg\" class=\"sow-slider-background-image\" alt=\"\" decoding=\"async\" loading=\"lazy\" style=\"\" srcset=\"http:\/\/pandavventura.com\/wp-content\/uploads\/2018\/10\/slider05.jpg 1920w, http:\/\/pandavventura.com\/wp-content\/uploads\/2018\/10\/slider05-300x140.jpg 300w, http:\/\/pandavventura.com\/wp-content\/uploads\/2018\/10\/slider05-768x359.jpg 768w, http:\/\/pandavventura.com\/wp-content\/uploads\/2018\/10\/slider05-1024x478.jpg 1024w\" sizes=\"(max-width: 1920px) 100vw, 1920px\" \/>\t\t<\/li>\n\t\t<\/ul>\t\t\t\t<ol class=\"sow-slider-pagination\">\n\t\t\t\t\t\t\t\t\t\t\t<li><a href=\"#\" data-goto=\"0\" aria-label=\"display slide 1\"><\/a><\/li>\n\t\t\t\t\t\t\t\t\t\t\t<li><a href=\"#\" data-goto=\"1\" aria-label=\"display slide 2\"><\/a><\/li>\n\t\t\t\t\t\t\t\t\t\t\t<li><a href=\"#\" data-goto=\"2\" aria-label=\"display slide 3\"><\/a><\/li>\n\t\t\t\t\t\t\t\t\t\t\t<li><a href=\"#\" data-goto=\"3\" aria-label=\"display slide 4\"><\/a><\/li>\n\t\t\t\t\t\t\t\t\t<\/ol>\n\n\t\t\t\t<div class=\"sow-slide-nav sow-slide-nav-next\">\n\t\t\t\t\t<a href=\"#\" data-goto=\"next\" aria-label=\"next slide\" data-action=\"next\">\n\t\t\t\t\t\t<em class=\"sow-sld-icon-thin-right\"><\/em>\n\t\t\t\t\t<\/a>\n\t\t\t\t<\/div>\n\n\t\t\t\t<div class=\"sow-slide-nav sow-slide-nav-prev\">\n\t\t\t\t\t<a href=\"#\" data-goto=\"previous\" aria-label=\"previous slide\" data-action=\"prev\">\n\t\t\t\t\t\t<em class=\"sow-sld-icon-thin-left\"><\/em>\n\t\t\t\t\t<\/a>\n\t\t\t\t<\/div>\n\t\t\t\t<\/div><\/div><\/div><\/div><\/div><\/div><\/div><div id=\"pg-680-1\"  class=\"panel-grid panel-has-style\" ><div class=\"so-parallax panel-row-style panel-row-style-for-680-1\" ><img width=\"1920\" height=\"1280\" src=\"http:\/\/pandavventura.com\/wp-content\/uploads\/2018\/07\/podloga.jpg\" class=\"attachment-full size-full\" alt=\"\" decoding=\"async\" loading=\"eager\" data-siteorigin-parallax=\"true\" srcset=\"http:\/\/pandavventura.com\/wp-content\/uploads\/2018\/07\/podloga.jpg 1920w, http:\/\/pandavventura.com\/wp-content\/uploads\/2018\/07\/podloga-300x200.jpg 300w, http:\/\/pandavventura.com\/wp-content\/uploads\/2018\/07\/podloga-768x512.jpg 768w, http:\/\/pandavventura.com\/wp-content\/uploads\/2018\/07\/podloga-1024x683.jpg 1024w\" sizes=\"(max-width: 1920px) 100vw, 1920px\" \/><div id=\"pgc-680-1-0\"  class=\"panel-grid-cell panel-grid-cell-empty\" ><\/div><div id=\"pgc-680-1-1\"  class=\"panel-grid-cell\" ><div id=\"panel-680-1-1-0\" class=\"so-panel widget widget_sow-editor panel-first-child panel-last-child\" data-index=\"1\" ><div class=\"panel-widget-style panel-widget-style-for-680-1-1-0\" ><div\n\t\t\t\n\t\t\tclass=\"so-widget-sow-editor so-widget-sow-editor-base\"\n\t\t\t\n\t\t>\n<div class=\"siteorigin-widget-tinymce textwidget\">\n\t<p>PANDAVVENTURA nije obi\u010dno putovanje kroz Srbiju i Balkan! To je jedinstven spoj lepote prirode, kulture, istorije i tradicije na jednom putovanju, ne\u0161to \u0161to \u0107e vam ostati dugo u se\u0107anju, ne samo zbog lepote prirode i znamenitosti koje \u0107ete videti i do\u017eiveti, nego i zbog dru\u017eenja sa ljudima koji imaju iste sklonosti i strasti. Otkriva\u0107ete predivne predele putuju\u0107i seoskim drumovima, \u0161umskim i planinskim stazama u na\u0161im vozilima, legendarnim Fiat Panda 4\u00d74 (stari model \u201ekockica\u201c). Ugo\u0111aj \u0107e biti upotpunjen specijalitetima doma\u0107e (Slow Food) kuhinje. Na tom \u201ekrstarenju\u201c upozna\u0107ete prelepe krajolike i znamenitosti, skrivene u delovima Srbije, Ex Jugoslavije i Balkana u koje ne zalaze obi\u010dni turisti, nego samo oni koji znaju da prepoznaju lepotu u uzburkanim seoskim pejza\u017eima, planinskim re\u010dicama i jezerima, zaboravljenim seoskim drumovima i znamenitostima, malim da budu upisani na geografskim kartama, ali velikim jer u sebi \u010duvaju pro\u0161lost svojih neimara. Na turama koje smo vam pripremili do\u017eive\u0107ete emocije na takav na\u010din koji niko ne nudi! To nije samo vo\u017enja OFF ROAD, to je stil \u017eivota!<\/p>\n<\/div>\n<\/div><\/div><\/div><\/div><div id=\"pgc-680-1-2\"  class=\"panel-grid-cell panel-grid-cell-mobile-last\" ><div id=\"panel-680-1-2-0\" class=\"so-panel widget widget_sow-button panel-first-child panel-last-child\" data-index=\"2\" ><div class=\"panel-widget-style panel-widget-style-for-680-1-2-0\" ><div\n\t\t\t\n\t\t\tclass=\"so-widget-sow-button so-widget-sow-button-flat-233024f64cbe-680\"\n\t\t\t\n\t\t><div class=\"ow-button-base ow-button-align-center\">\n\t<a\n\thref=\"http:\/\/pandavventura.com\/ture\/\"\n\t\tclass=\"ow-icon-placement-top ow-button-hover\" \t>\n\t\t<span>\n\t\t\t\n\t\t\tTure\t\t<\/span>\n\t<\/a>\n<\/div>\n<\/div><\/div><\/div><\/div><div id=\"pgc-680-1-3\"  class=\"panel-grid-cell panel-grid-cell-empty\" ><\/div><\/div><\/div><div id=\"pg-680-2\"  class=\"panel-grid panel-no-style\" ><div id=\"pgc-680-2-0\"  class=\"panel-grid-cell panel-grid-cell-empty\" ><\/div><div id=\"pgc-680-2-1\"  class=\"panel-grid-cell\" ><div id=\"panel-680-2-1-0\" class=\"so-panel widget widget_sow-image panel-first-child panel-last-child\" data-index=\"3\" ><div\n\t\t\t\n\t\t\tclass=\"so-widget-sow-image so-widget-sow-image-default-113ccd71f3e6-680\"\n\t\t\t\n\t\t>\n\n<div class=\"sow-image-container\">\n\t\t\t<a href=\"http:\/\/www.overlandtour.it\"\n\t\t\ttarget=\"_blank\" rel=\"noopener noreferrer\" \t\t>\n\t\t\t<img src=\"http:\/\/pandavventura.com\/wp-content\/uploads\/2018\/07\/partner01.png\" width=\"150\" height=\"59\" sizes=\"(max-width: 150px) 100vw, 150px\" title=\"OVERLANDTOUR Za Italiju\" alt=\"nako\" loading=\"lazy\" \t\tclass=\"so-widget-image\"\/>\n\t<\/a><\/div>\n\n<h3 class=\"widget-title\">OVERLANDTOUR Za Italiju<\/h3><\/div><\/div><\/div><div id=\"pgc-680-2-2\"  class=\"panel-grid-cell panel-grid-cell-mobile-last\" ><div id=\"panel-680-2-2-0\" class=\"so-panel widget widget_sow-image panel-first-child panel-last-child\" data-index=\"4\" ><div\n\t\t\t\n\t\t\tclass=\"so-widget-sow-image so-widget-sow-image-default-113ccd71f3e6-680\"\n\t\t\t\n\t\t>\n\n<div class=\"sow-image-container\">\n\t\t\t<a href=\"http:\/\/www.talastravel.rs\"\n\t\t\ttarget=\"_blank\" rel=\"noopener noreferrer\" \t\t>\n\t\t\t<img src=\"http:\/\/pandavventura.com\/wp-content\/uploads\/2018\/07\/partne02.png\" width=\"150\" height=\"59\" sizes=\"(max-width: 150px) 100vw, 150px\" title=\"TALAS TRAVEL Za Srbiju i EX YU \" alt=\"\" loading=\"lazy\" \t\tclass=\"so-widget-image\"\/>\n\t<\/a><\/div>\n\n<h3 class=\"widget-title\">TALAS TRAVEL Za Srbiju i EX YU <\/h3><\/div><\/div><\/div><div id=\"pgc-680-2-3\"  class=\"panel-grid-cell panel-grid-cell-empty\" ><\/div><\/div><div id=\"pg-680-3\"  class=\"panel-grid panel-no-style\" ><div id=\"pgc-680-3-0\"  class=\"panel-grid-cell\" ><div id=\"panel-680-3-0-0\" class=\"so-panel widget widget_construction_field_feature panel-first-child panel-last-child\" data-index=\"5\" ><div class=\"panel-widget-style panel-widget-style-for-680-3-0-0\" >\t\t\t<section id=\"construction_field_feature-2\" class=\"at-widgets primary-bg at-parallax \" style=\"background-image:url(http:\/\/pandavventura.com\/wp-content\/uploads\/2018\/07\/People-Pester-02-1024x682.jpg);background-repeat:no-repeat;background-size:cover;background-attachment:fixed;background-position: center;\">\r\n\t\t\t\t<div class=\"container\">\r\n\t\t\t\t\t<div class='at-widget-title-wrapper'><h3 class=\"widget-title\">Fotografija Ivan Strahini\u0107 \u2013 Beograd<\/h3><\/div>\t\t\t\t\t<div class=\"row\">\r\n                        <div class=\"col-md-12 init-animate zoomIn\">\r\n\t                                                <\/div>\r\n\t\t\t\t\t\t<div class=\"col-md-12 at-btn-wrap init-animate zoomIn\">\r\n                                                            <a href=\"https:\/\/ivanstrahinic.com\" class=\"init-animate zoomIn btn btn-primary btn-reverse outline-outward banner-btn\">\r\n                                    Kontakt                                    <i class=\"fa fa-angle-double-right\"><\/i>\r\n                                <\/a>\r\n                                                        <\/div>\r\n\t\t\t\t\t<\/div>\r\n\t\t\t\t<\/div>\r\n\t\t\t<\/section>\r\n\t\t\t<\/div><\/div><\/div><\/div><\/div>","protected":false},"excerpt":{"rendered":"<p>PANDAVVENTURA nije obi\u010dno putovanje kroz Srbiju i Balkan! To je jedinstven spoj lepote prirode, kulture, istorije i tradicije na jednom putovanju, ne\u0161to \u0161to \u0107e vam ostati dugo u se\u0107anju, ne samo zbog lepote prirode i znamenitosti koje \u0107ete videti i do\u017eiveti, nego i zbog dru\u017eenja sa ljudima koji imaju iste sklonosti i strasti. Otkriva\u0107ete predivne [&hellip;]<\/p>\n","protected":false},"author":1,"featured_media":0,"parent":0,"menu_order":0,"comment_status":"closed","ping_status":"closed","template":"page-templates\/template-builder.php","meta":[],"_links":{"self":[{"href":"http:\/\/pandavventura.com\/it\/wp-json\/wp\/v2\/pages\/680"}],"collection":[{"href":"http:\/\/pandavventura.com\/it\/wp-json\/wp\/v2\/pages"}],"about":[{"href":"http:\/\/pandavventura.com\/it\/wp-json\/wp\/v2\/types\/page"}],"author":[{"embeddable":true,"href":"http:\/\/pandavventura.com\/it\/wp-json\/wp\/v2\/users\/1"}],"replies":[{"embeddable":true,"href":"http:\/\/pandavventura.com\/it\/wp-json\/wp\/v2\/comments?post=680"}],"version-history":[{"count":33,"href":"http:\/\/pandavventura.com\/it\/wp-json\/wp\/v2\/pages\/680\/revisions"}],"predecessor-version":[{"id":685,"href":"http:\/\/pandavventura.com\/it\/wp-json\/wp\/v2\/pages\/680\/revisions\/685"}],"wp:attachment":[{"href":"http:\/\/pandavventura.com\/it\/wp-json\/wp\/v2\/media?parent=680"}],"curies":[{"name":"wp","href":"https:\/\/api.w.org\/{rel}","templated":true}]}}