{"id":561,"date":"2018-07-31T22:54:35","date_gmt":"2018-07-31T22:54:35","guid":{"rendered":"http:\/\/pandavventura.com\/?page_id=561"},"modified":"2018-09-09T00:11:39","modified_gmt":"2018-09-09T00:11:39","slug":"srbija-i-balkan","status":"publish","type":"page","link":"http:\/\/pandavventura.com\/it\/srbija-i-balkan\/","title":{"rendered":"Serbia e Balcani"},"content":{"rendered":"<div class=\"pdfprnt-buttons pdfprnt-buttons-page pdfprnt-top-right\"><a href=\"http:\/\/pandavventura.com\/it\/wp-json\/wp\/v2\/pages\/561?print=pdf\" class=\"pdfprnt-button pdfprnt-button-pdf\" target=\"_blank\"><img src=\"http:\/\/pandavventura.com\/wp-content\/plugins\/pdf-print\/images\/pdf.png\" alt=\"image_pdf\" title=\"Visualizza PDF\" \/><\/a><a href=\"http:\/\/pandavventura.com\/it\/wp-json\/wp\/v2\/pages\/561?print=print\" class=\"pdfprnt-button pdfprnt-button-print\" target=\"_blank\"><img src=\"http:\/\/pandavventura.com\/wp-content\/plugins\/pdf-print\/images\/print.png\" alt=\"image_print\" title=\"Stampa contenuto\" \/><\/a><\/div><p><\/p>\n<h4><span lang=\"IT\">SERBIA<\/span><\/h4>\n<p><span lang=\"IT\">La Serbia (ufficialmente la Repubblica di Serbia), si trova al crocevia dell&#8217;Europa centrale e sud-orientale, nella parte meridionale della pianura pannonica e al centro della penisola balcanica.<\/span><\/p>\n<p><span lang=\"IT\">La Serbia confina a nord con l&#8217;Ungheria, ad est con la Romania e la Bulgaria, a sud con la Macedonia e l&#8217;Albania, e ad ovest con il Montenegro, Bosnia-Erzegovina e Croazia.<\/span><\/p>\n<p><span lang=\"IT\">La capitale \u00e8 Belgrado, che \u00e8 una delle citt\u00e0 pi\u00f9 antiche e pi\u00f9 grandi dell&#8217;Europa sudorientale. La lingua ufficiale \u00e8 il serbo e l\u2019alfabeto utilizzato \u00e8 il cirillico. La valuta ufficiale \u00e8 il dinaro.<\/span><\/p>\n<p><span lang=\"IT\">La Serbia ha circa 7 milioni di abitanti.<\/span><\/p>\n<p><span lang=\"IT\">La Serbia si trova nel fuso orario dell&#8217;Europa centrale GMT + 1 e GMT + 2 (calcolo dell&#8217;ora legale).<\/span><\/p>\n<p><span lang=\"IT\">La Pianura Pannonica che copre il terzo meridionale del paese (Vojvodina e Ma\u010dva), mentre la punta orientale della Serbia \u00e8 nella pianura di Vlaska. Il rilievo della parte centrale del paese, con il centro nella regione di Sumadija, consiste principalmente delle montagne collinose che ospitano i fiumi. Le montagne dominano il terzo meridionale della Serbia. Le montagne Dinariche si estendono a ovest e sud-ovest, seguendo le correnti del fiume Drina e del fiume Ibar. I Carpazi e le montagne dei Balcani si estendono nella direzione nord-sud nella Serbia orientale.<\/span><\/p>\n<p><span lang=\"IT\">Le Vecchie Montagne nella parte sud-orientale del paese appartengono alla catena montuosa dei Monti Rodopi. L\u2019altitudine sul livello del mare spazia dalla cima Midzor, Vecchie Montagne, con 2.169 m (7.116 ft) (la vetta pi\u00f9 alta in Serbia, escluso il Kosovo) al punto pi\u00f9 basso di soli 17 m (56 ft) vicino al fiume Danubio a Prahovo. Il lago pi\u00f9 grande \u00e8 il Djerdap, 163 km2 (63 miglia quadrati), e il fiume pi\u00f9 lungo che passa attraverso la Serbia \u00e8 il Danubio, 58.735 chilometri (36,496.24 mi).<\/span><\/p>\n<p><span lang=\"IT\">Il clima \u2013 clima continentale a nord, continentale moderato a sud e montuoso in alta montagna.<\/span><\/p>\n<p><span lang=\"IT\">Maggiori citt\u00e0 della Serbia<\/span><\/p>\n<p><span lang=\"IT\">Belgrado &#8211; circa 1.600.000 abitanti<\/span><\/p>\n<p><span lang=\"IT\">Novi Sad &#8211; circa 250.000 abitanti<\/span><\/p>\n<p><span lang=\"IT\">Nis &#8211; circa 190.000 abitanti<\/span><\/p>","protected":false},"excerpt":{"rendered":"<p>SERBIA La Serbia (ufficialmente la Repubblica di Serbia), si trova al crocevia dell&#8217;Europa centrale e sud-orientale, nella parte meridionale della pianura pannonica e al centro della penisola balcanica. La Serbia confina a nord con l&#8217;Ungheria, ad est con la Romania e la Bulgaria, a sud con la Macedonia e l&#8217;Albania, e ad ovest con il [&hellip;]<\/p>\n","protected":false},"author":1,"featured_media":562,"parent":0,"menu_order":0,"comment_status":"closed","ping_status":"closed","template":"","meta":[],"_links":{"self":[{"href":"http:\/\/pandavventura.com\/it\/wp-json\/wp\/v2\/pages\/561"}],"collection":[{"href":"http:\/\/pandavventura.com\/it\/wp-json\/wp\/v2\/pages"}],"about":[{"href":"http:\/\/pandavventura.com\/it\/wp-json\/wp\/v2\/types\/page"}],"author":[{"embeddable":true,"href":"http:\/\/pandavventura.com\/it\/wp-json\/wp\/v2\/users\/1"}],"replies":[{"embeddable":true,"href":"http:\/\/pandavventura.com\/it\/wp-json\/wp\/v2\/comments?post=561"}],"version-history":[{"count":4,"href":"http:\/\/pandavventura.com\/it\/wp-json\/wp\/v2\/pages\/561\/revisions"}],"predecessor-version":[{"id":635,"href":"http:\/\/pandavventura.com\/it\/wp-json\/wp\/v2\/pages\/561\/revisions\/635"}],"wp:featuredmedia":[{"embeddable":true,"href":"http:\/\/pandavventura.com\/it\/wp-json\/wp\/v2\/media\/562"}],"wp:attachment":[{"href":"http:\/\/pandavventura.com\/it\/wp-json\/wp\/v2\/media?parent=561"}],"curies":[{"name":"wp","href":"https:\/\/api.w.org\/{rel}","templated":true}]}}