{"id":436,"date":"2018-07-29T20:11:21","date_gmt":"2018-07-29T20:11:21","guid":{"rendered":"http:\/\/pandavventura.com\/?page_id=436"},"modified":"2019-04-24T16:09:42","modified_gmt":"2019-04-24T16:09:42","slug":"ture","status":"publish","type":"page","link":"http:\/\/pandavventura.com\/it\/ture\/","title":{"rendered":"Tour"},"content":{"rendered":"<div class=\"pdfprnt-buttons pdfprnt-buttons-page pdfprnt-top-right\"><a href=\"http:\/\/pandavventura.com\/it\/wp-json\/wp\/v2\/pages\/436?print=pdf\" class=\"pdfprnt-button pdfprnt-button-pdf\" target=\"_blank\"><img src=\"http:\/\/pandavventura.com\/wp-content\/plugins\/pdf-print\/images\/pdf.png\" alt=\"image_pdf\" title=\"Visualizza PDF\" \/><\/a><a href=\"http:\/\/pandavventura.com\/it\/wp-json\/wp\/v2\/pages\/436?print=print\" class=\"pdfprnt-button pdfprnt-button-print\" target=\"_blank\"><img src=\"http:\/\/pandavventura.com\/wp-content\/plugins\/pdf-print\/images\/print.png\" alt=\"image_print\" title=\"Stampa contenuto\" \/><\/a><\/div><p>PANDAVVENTURA non \u00e8 un semplice giro turistico! \u00c8 un evento culturale unico, una bellissima esperienza che non troverai altrove e che vorrai ripetere!<\/p>\n<p>I nostri pianificatori dei tour sono esperti e ottimi conoscitori del territorio che andrai a visitare, al tal punto che hanno preparato dei tour interessanti che saranno ogni giorno una nuova scoperta.<\/p>\n<p>I nostri tour sono preparati nel modo\u00a0 All Inclusive. Ci\u00f2 significa, una volta arrivato\/a in Serbia, tutto ci\u00f2 che riguarda la tua avventura \u00e8 nelle nostre mani,\u00a0 dalle vetture, alla benzina per i viaggi, all&#8217;alloggio, al cibo, all&#8217;organizzazione del percorso. Tu devi solo lasciarti andare e divertirti!<\/p>\n<p>Nella specifica dei singoli tour trovi tutto ci\u00f2 che \u00e8 incluso nel piano All Inclusive (tutto ci\u00f2 che non \u00e8 descritto NON \u00c8 INCLUSO e viene pagato a parte).<\/p>\n<p>Descrizione dei tour:<\/p>\n<ol>\n<li><a href=\"http:\/\/pandavventura.com\/it\/2018\/07\/29\/tura-br-1-pandavventura-north-serbia-1-dan\/\">Pandavventura n.1 1 giorno<\/a><\/li>\n<li><a href=\"http:\/\/pandavventura.com\/it\/2018\/07\/30\/br-2-north-west-serbia-2-dana-1-nocenje\/\">Pandavventura n. 2 2 giorni \/ 1 notte<\/a><\/li>\n<li><a href=\"http:\/\/pandavventura.com\/it\/2018\/07\/30\/br-3-north-est-serbia-3-dana-2-nocenja\/\">Pandavventura n. 3 3 giorni \/ 2 notti<\/a><\/li>\n<li><a href=\"http:\/\/pandavventura.com\/it\/2018\/07\/31\/br-4-north-west-est-serbia-6-dana-5-nocenja\/\">Pandavventura n. 4 6 giorni \/ 5 notti LA PI\u00d9 RICHIESTA<\/a><\/li>\n<li><a href=\"http:\/\/pandavventura.com\/it\/2018\/07\/31\/br-5-north-west-est-serbia-8-dana-6-nocenja\/\">Pandavventura n. 5 8 giorni\/ 7 notti<\/a><\/li>\n<li><a href=\"http:\/\/pandavventura.com\/it\/2018\/07\/31\/br-5-8-dana-7-nocenja\/\">Pandavventura n. 6 8 giorni \/ 7 notti<\/a><\/li>\n<li><a href=\"http:\/\/pandavventura.com\/it\/2018\/07\/31\/br-7-13-dana-14-nocenja\/\">Pandavventura n. 7 13 giorni \/ 14 notti<\/a><\/li>\n<li><a href=\"http:\/\/pandavventura.com\/it\/2018\/07\/31\/br-7-14-dana-15-nocenja\/\">Pandavventura n. 8 14 giorni \/ 15 notti<\/a><\/li>\n<\/ol>\n<p><\/p>","protected":false},"excerpt":{"rendered":"<p>PANDAVVENTURA non \u00e8 un semplice giro turistico! \u00c8 un evento culturale unico, una bellissima esperienza che non troverai altrove e che vorrai ripetere! I nostri pianificatori dei tour sono esperti e ottimi conoscitori del territorio che andrai a visitare, al tal punto che hanno preparato dei tour interessanti che saranno ogni giorno una nuova scoperta. [&hellip;]<\/p>\n","protected":false},"author":1,"featured_media":0,"parent":0,"menu_order":0,"comment_status":"closed","ping_status":"closed","template":"","meta":[],"_links":{"self":[{"href":"http:\/\/pandavventura.com\/it\/wp-json\/wp\/v2\/pages\/436"}],"collection":[{"href":"http:\/\/pandavventura.com\/it\/wp-json\/wp\/v2\/pages"}],"about":[{"href":"http:\/\/pandavventura.com\/it\/wp-json\/wp\/v2\/types\/page"}],"author":[{"embeddable":true,"href":"http:\/\/pandavventura.com\/it\/wp-json\/wp\/v2\/users\/1"}],"replies":[{"embeddable":true,"href":"http:\/\/pandavventura.com\/it\/wp-json\/wp\/v2\/comments?post=436"}],"version-history":[{"count":11,"href":"http:\/\/pandavventura.com\/it\/wp-json\/wp\/v2\/pages\/436\/revisions"}],"predecessor-version":[{"id":863,"href":"http:\/\/pandavventura.com\/it\/wp-json\/wp\/v2\/pages\/436\/revisions\/863"}],"wp:attachment":[{"href":"http:\/\/pandavventura.com\/it\/wp-json\/wp\/v2\/media?parent=436"}],"curies":[{"name":"wp","href":"https:\/\/api.w.org\/{rel}","templated":true}]}}