{"id":58,"date":"2018-04-24T08:46:53","date_gmt":"2018-04-24T08:46:53","guid":{"rendered":"http:\/\/demo.acmethemes.com\/construction-field-pro\/?page_id=58"},"modified":"2018-07-28T23:44:33","modified_gmt":"2018-07-28T23:44:33","slug":"pandaavventura","status":"publish","type":"page","link":"http:\/\/pandavventura.com\/en\/pandaavventura\/","title":{"rendered":"PANDAVVENTURA"},"content":{"rendered":"<div class=\"pdfprnt-buttons pdfprnt-buttons-page pdfprnt-top-right\"><a href=\"http:\/\/pandavventura.com\/en\/wp-json\/wp\/v2\/pages\/58?print=pdf\" class=\"pdfprnt-button pdfprnt-button-pdf\" target=\"_blank\"><img src=\"http:\/\/pandavventura.com\/wp-content\/plugins\/pdf-print\/images\/pdf.png\" alt=\"image_pdf\" title=\"View PDF\" \/><\/a><a href=\"http:\/\/pandavventura.com\/en\/wp-json\/wp\/v2\/pages\/58?print=print\" class=\"pdfprnt-button pdfprnt-button-print\" target=\"_blank\"><img src=\"http:\/\/pandavventura.com\/wp-content\/plugins\/pdf-print\/images\/print.png\" alt=\"image_print\" title=\"Print Content\" \/><\/a><\/div><p>PANDAVVENTURA non \u00e8 semplicemente un viaggio! \u00c8 un insieme di bellezza uniche della natura, cultura, storia e tradizione, qualcosa che ti rimarr\u00e0 impresso a lungo nella tua mente, non solo per le bellezze della natura e le sue particolarit\u00e0 che potrai ammirare ed abbracciare, ma anche per le persone che condividono la tua stessa passione e traggono piacere dalle stesse emozioni.<\/p>\n<p>Scoprirai dei splendidi paesaggi attraversando strade di campagna, boschi e sentieri montuosi nelle nostre mitiche vetture VINTAGE Fiat Panda 4&#215;4 (vecchio modello, prima serie). L&#8217;atmosfera sar\u00e0 completata dalle specialit\u00e0 della cucina casalinga (Slow Food). Durante questa &#8220;crociera&#8221; incontrerai dei bellissimi paesaggi e monumenti, nascosti in parti della Serbia, dell\u2019ex Jugoslavia e dei Balcani non frequentati dai semplici turisti, ma da quelli che sanno riconoscere bellezze nei paesaggi rurali, fiumi di montagna e laghi, sperdute curiose strade di campagna, troppo piccole per essere segnate sulla mappa geografica, ma di grande importanza perch\u00e9 preservano il passato dei loro edificatori.<\/p>\n<p>Durante i tour che abbiamo preparato proverai emozioni che difficilmente troverai altrove ! PANDAVVENTURA\u00a0 non \u00e8 una semplice guida OFF ROAD, \u00e8 uno stile di vita!<\/p>\n","protected":false},"excerpt":{"rendered":"<p>Lorem ipsum dolor sit amet, consectetur adipisicing elit, sed do eiusmod tempor incididunt ut labore <\/p>\n","protected":false},"author":1,"featured_media":394,"parent":0,"menu_order":0,"comment_status":"closed","ping_status":"closed","template":"","meta":[],"_links":{"self":[{"href":"http:\/\/pandavventura.com\/en\/wp-json\/wp\/v2\/pages\/58"}],"collection":[{"href":"http:\/\/pandavventura.com\/en\/wp-json\/wp\/v2\/pages"}],"about":[{"href":"http:\/\/pandavventura.com\/en\/wp-json\/wp\/v2\/types\/page"}],"author":[{"embeddable":true,"href":"http:\/\/pandavventura.com\/en\/wp-json\/wp\/v2\/users\/1"}],"replies":[{"embeddable":true,"href":"http:\/\/pandavventura.com\/en\/wp-json\/wp\/v2\/comments?post=58"}],"version-history":[{"count":2,"href":"http:\/\/pandavventura.com\/en\/wp-json\/wp\/v2\/pages\/58\/revisions"}],"predecessor-version":[{"id":390,"href":"http:\/\/pandavventura.com\/en\/wp-json\/wp\/v2\/pages\/58\/revisions\/390"}],"wp:featuredmedia":[{"embeddable":true,"href":"http:\/\/pandavventura.com\/en\/wp-json\/wp\/v2\/media\/394"}],"wp:attachment":[{"href":"http:\/\/pandavventura.com\/en\/wp-json\/wp\/v2\/media?parent=58"}],"curies":[{"name":"wp","href":"https:\/\/api.w.org\/{rel}","templated":true}]}}